{"id":12,"date":"2025-04-18T20:29:17","date_gmt":"2025-04-18T23:29:17","guid":{"rendered":"http:\/\/digitalcortex.com.br\/?page_id=12"},"modified":"2025-05-19T19:24:47","modified_gmt":"2025-05-19T22:24:47","slug":"empreendedorismo","status":"publish","type":"page","link":"https:\/\/digitalcortex.com.br\/index.php\/empreendedorismo\/","title":{"rendered":"Empreendedorismo"},"content":{"rendered":"\n<hr class=\"wp-block-separator has-alpha-channel-opacity is-style-wide\"\/>\n\n\n\n<div class=\"wp-block-media-text is-stacked-on-mobile\" style=\"grid-template-columns:35% auto\"><figure class=\"wp-block-media-text__media\"><img loading=\"lazy\" decoding=\"async\" width=\"1024\" height=\"1024\" src=\"http:\/\/digitalcortex.com.br\/wp-content\/uploads\/2025\/05\/startup-1024x1024.webp\" alt=\"\" class=\"wp-image-292 size-full\" srcset=\"https:\/\/digitalcortex.com.br\/wp-content\/uploads\/2025\/05\/startup-1024x1024.webp 1024w, https:\/\/digitalcortex.com.br\/wp-content\/uploads\/2025\/05\/startup-300x300.webp 300w, https:\/\/digitalcortex.com.br\/wp-content\/uploads\/2025\/05\/startup-150x150.webp 150w, https:\/\/digitalcortex.com.br\/wp-content\/uploads\/2025\/05\/startup-768x767.webp 768w, https:\/\/digitalcortex.com.br\/wp-content\/uploads\/2025\/05\/startup.webp 1200w\" sizes=\"auto, (max-width: 1024px) 100vw, 1024px\" \/><\/figure><div class=\"wp-block-media-text__content\">\n<h2 class=\"wp-block-heading\"><strong>O que \u00e9 uma Startup?<\/strong><\/h2>\n\n\n\n<p>O termo <strong>\u201cstartup\u201d<\/strong> tornou-se popular e muitas vezes \u00e9 usado para se referir a qualquer empresa que esteja come\u00e7ando um novo neg\u00f3cio, produto ou servi\u00e7o. Por\u00e9m, essa vis\u00e3o simplificada est\u00e1 longe de representar a real ess\u00eancia do conceito de uma startup.<\/p>\n\n\n\n<p><\/p>\n\n\n\n<p><\/p>\n\n\n\n<div class=\"wp-block-buttons is-content-justification-right is-layout-flex wp-container-core-buttons-is-layout-d445cf74 wp-block-buttons-is-layout-flex\">\n<div class=\"wp-block-button\"><a class=\"wp-block-button__link wp-element-button\" href=\"https:\/\/digitalcortex.com.br\/index.php\/2025\/05\/19\/o-que-e-uma-startup-entenda-o-conceito-e-como-ela-se-difere-de-uma-empresa-tradicional\/\">Leia Mais<\/a><\/div>\n<\/div>\n<\/div><\/div>\n\n\n\n<hr class=\"wp-block-separator has-alpha-channel-opacity is-style-wide\"\/>\n\n\n\n<div class=\"wp-block-media-text is-stacked-on-mobile\" style=\"grid-template-columns:35% auto\"><figure class=\"wp-block-media-text__media\"><img loading=\"lazy\" decoding=\"async\" width=\"626\" height=\"330\" src=\"http:\/\/digitalcortex.com.br\/wp-content\/uploads\/2025\/04\/empreendedor3.avif\" alt=\"\" class=\"wp-image-166 size-full\" srcset=\"https:\/\/digitalcortex.com.br\/wp-content\/uploads\/2025\/04\/empreendedor3.avif 626w, https:\/\/digitalcortex.com.br\/wp-content\/uploads\/2025\/04\/empreendedor3-300x158.avif 300w, https:\/\/digitalcortex.com.br\/wp-content\/uploads\/2025\/04\/empreendedor3-390x205.avif 390w\" sizes=\"auto, (max-width: 626px) 100vw, 626px\" \/><\/figure><div class=\"wp-block-media-text__content\">\n<p class=\"has-medium-font-size\"><strong>5 Erros Comuns de Quem Est\u00e1 Come\u00e7ando a Empreender<\/strong><\/p>\n\n\n\n<p><a href=\"https:\/\/digitalcortex.com.br\/index.php\/2025\/04\/19\/5-erros-comuns-de-quem-esta-comecando-a-empreender\/\"><\/a>Conhe\u00e7a os erros que muitos cometem no inicio do empreendedorismo e saiba o que podem custar ao seu neg\u00f3cio.<\/p>\n\n\n\n<p><\/p>\n\n\n\n<div class=\"wp-block-buttons is-content-justification-right is-layout-flex wp-container-core-buttons-is-layout-d445cf74 wp-block-buttons-is-layout-flex\">\n<div class=\"wp-block-button\"><a class=\"wp-block-button__link wp-element-button\" href=\"http:\/\/digitalcortex.com.br\/index.php\/2025\/04\/19\/5-erros-comuns-de-quem-esta-comecando-a-empreender\/\">Leia mais<\/a><\/div>\n<\/div>\n<\/div><\/div>\n\n\n\n<hr class=\"wp-block-separator has-alpha-channel-opacity is-style-wide\"\/>\n\n\n\n<div class=\"wp-block-media-text is-stacked-on-mobile\" style=\"grid-template-columns:35% auto\"><figure class=\"wp-block-media-text__media\"><img loading=\"lazy\" decoding=\"async\" width=\"802\" height=\"812\" src=\"http:\/\/digitalcortex.com.br\/wp-content\/uploads\/2025\/04\/empreendedor.jpg\" alt=\"\" class=\"wp-image-151 size-full\" srcset=\"https:\/\/digitalcortex.com.br\/wp-content\/uploads\/2025\/04\/empreendedor.jpg 802w, https:\/\/digitalcortex.com.br\/wp-content\/uploads\/2025\/04\/empreendedor-296x300.jpg 296w, https:\/\/digitalcortex.com.br\/wp-content\/uploads\/2025\/04\/empreendedor-768x778.jpg 768w\" sizes=\"auto, (max-width: 802px) 100vw, 802px\" \/><\/figure><div class=\"wp-block-media-text__content\">\n<p class=\"has-medium-font-size\"><strong>A Dor Real do EmpreendeDORismo \u2014 Por Que Empreender \u00c9 T\u00e3o Dif\u00edcil (e o Que Fazer Para Vencer os Desafios)<\/strong><\/p>\n\n\n\n<p>Empreender \u00e9 uma jornada solit\u00e1ria \u00e0s vezes, mas tamb\u00e9m \u00e9 um chamado para os ousados, para quem acredita que pode transformar sonhos em realidade.<\/p>\n\n\n\n<p>A dor de empreender pode parecer insuport\u00e1vel em certos momentos, mas ela molda, ensina e fortalece. E no final, para aqueles que resistem e superam, a recompensa \u00e9 maior do que qualquer obst\u00e1culo enfrentado.<\/p>\n\n\n\n<p><\/p>\n\n\n\n<p><\/p>\n\n\n\n<div class=\"wp-block-buttons is-content-justification-right is-layout-flex wp-container-core-buttons-is-layout-d445cf74 wp-block-buttons-is-layout-flex\">\n<div class=\"wp-block-button\"><a class=\"wp-block-button__link wp-element-button\" href=\"http:\/\/digitalcortex.com.br\/index.php\/2025\/04\/19\/o-lado-que-ninguem-conta-sobre-empreender\/\">Leia mais<\/a><\/div>\n<\/div>\n<\/div><\/div>\n\n\n\n<hr class=\"wp-block-separator has-alpha-channel-opacity\"\/>\n","protected":false},"excerpt":{"rendered":"","protected":false},"author":1,"featured_media":0,"parent":0,"menu_order":0,"comment_status":"closed","ping_status":"closed","template":"","meta":{"colormag_page_layout":"default_layout","footnotes":""},"class_list":["post-12","page","type-page","status-publish","hentry"],"yoast_head":"<!-- This site is optimized with the Yoast SEO plugin v24.9 - https:\/\/yoast.com\/wordpress\/plugins\/seo\/ -->\n<title>Empreendedorismo - DIGITAL CORTEX<\/title>\n<meta name=\"robots\" content=\"index, follow, max-snippet:-1, max-image-preview:large, max-video-preview:-1\" \/>\n<link rel=\"canonical\" href=\"https:\/\/digitalcortex.com.br\/index.php\/empreendedorismo\/\" \/>\n<meta property=\"og:locale\" content=\"en_US\" \/>\n<meta property=\"og:type\" content=\"article\" \/>\n<meta property=\"og:title\" content=\"Empreendedorismo - DIGITAL CORTEX\" \/>\n<meta property=\"og:url\" content=\"https:\/\/digitalcortex.com.br\/index.php\/empreendedorismo\/\" \/>\n<meta property=\"og:site_name\" content=\"DIGITAL CORTEX\" \/>\n<meta property=\"article:modified_time\" content=\"2025-05-19T22:24:47+00:00\" \/>\n<meta property=\"og:image\" content=\"http:\/\/digitalcortex.com.br\/wp-content\/uploads\/2025\/05\/startup-1024x1024.webp\" \/>\n<meta name=\"twitter:card\" content=\"summary_large_image\" \/>\n<meta name=\"twitter:label1\" content=\"Est. reading time\" \/>\n\t<meta name=\"twitter:data1\" content=\"2 minutes\" \/>\n<script type=\"application\/ld+json\" class=\"yoast-schema-graph\">{\"@context\":\"https:\/\/schema.org\",\"@graph\":[{\"@type\":\"WebPage\",\"@id\":\"https:\/\/digitalcortex.com.br\/index.php\/empreendedorismo\/\",\"url\":\"https:\/\/digitalcortex.com.br\/index.php\/empreendedorismo\/\",\"name\":\"Empreendedorismo - DIGITAL CORTEX\",\"isPartOf\":{\"@id\":\"https:\/\/digitalcortex.com.br\/#website\"},\"primaryImageOfPage\":{\"@id\":\"https:\/\/digitalcortex.com.br\/index.php\/empreendedorismo\/#primaryimage\"},\"image\":{\"@id\":\"https:\/\/digitalcortex.com.br\/index.php\/empreendedorismo\/#primaryimage\"},\"thumbnailUrl\":\"http:\/\/digitalcortex.com.br\/wp-content\/uploads\/2025\/05\/startup-1024x1024.webp\",\"datePublished\":\"2025-04-18T23:29:17+00:00\",\"dateModified\":\"2025-05-19T22:24:47+00:00\",\"breadcrumb\":{\"@id\":\"https:\/\/digitalcortex.com.br\/index.php\/empreendedorismo\/#breadcrumb\"},\"inLanguage\":\"en-US\",\"potentialAction\":[{\"@type\":\"ReadAction\",\"target\":[\"https:\/\/digitalcortex.com.br\/index.php\/empreendedorismo\/\"]}]},{\"@type\":\"ImageObject\",\"inLanguage\":\"en-US\",\"@id\":\"https:\/\/digitalcortex.com.br\/index.php\/empreendedorismo\/#primaryimage\",\"url\":\"https:\/\/digitalcortex.com.br\/wp-content\/uploads\/2025\/05\/startup.webp\",\"contentUrl\":\"https:\/\/digitalcortex.com.br\/wp-content\/uploads\/2025\/05\/startup.webp\",\"width\":1200,\"height\":1199},{\"@type\":\"BreadcrumbList\",\"@id\":\"https:\/\/digitalcortex.com.br\/index.php\/empreendedorismo\/#breadcrumb\",\"itemListElement\":[{\"@type\":\"ListItem\",\"position\":1,\"name\":\"Home\",\"item\":\"https:\/\/digitalcortex.com.br\/\"},{\"@type\":\"ListItem\",\"position\":2,\"name\":\"Empreendedorismo\"}]},{\"@type\":\"WebSite\",\"@id\":\"https:\/\/digitalcortex.com.br\/#website\",\"url\":\"https:\/\/digitalcortex.com.br\/\",\"name\":\"DIGITAL CORTEX\",\"description\":\"A SUA DOSE DI\u00c1RIA DE CONHECIMENTO\",\"publisher\":{\"@id\":\"https:\/\/digitalcortex.com.br\/#organization\"},\"potentialAction\":[{\"@type\":\"SearchAction\",\"target\":{\"@type\":\"EntryPoint\",\"urlTemplate\":\"https:\/\/digitalcortex.com.br\/?s={search_term_string}\"},\"query-input\":{\"@type\":\"PropertyValueSpecification\",\"valueRequired\":true,\"valueName\":\"search_term_string\"}}],\"inLanguage\":\"en-US\"},{\"@type\":\"Organization\",\"@id\":\"https:\/\/digitalcortex.com.br\/#organization\",\"name\":\"DIGITAL CORTEX\",\"url\":\"https:\/\/digitalcortex.com.br\/\",\"logo\":{\"@type\":\"ImageObject\",\"inLanguage\":\"en-US\",\"@id\":\"https:\/\/digitalcortex.com.br\/#\/schema\/logo\/image\/\",\"url\":\"https:\/\/digitalcortex.com.br\/wp-content\/uploads\/2025\/04\/cropped-DIGITAL-CORTEX.png\",\"contentUrl\":\"https:\/\/digitalcortex.com.br\/wp-content\/uploads\/2025\/04\/cropped-DIGITAL-CORTEX.png\",\"width\":800,\"height\":291,\"caption\":\"DIGITAL CORTEX\"},\"image\":{\"@id\":\"https:\/\/digitalcortex.com.br\/#\/schema\/logo\/image\/\"}}]}<\/script>\n<!-- \/ Yoast SEO plugin. -->","yoast_head_json":{"title":"Empreendedorismo - DIGITAL CORTEX","robots":{"index":"index","follow":"follow","max-snippet":"max-snippet:-1","max-image-preview":"max-image-preview:large","max-video-preview":"max-video-preview:-1"},"canonical":"https:\/\/digitalcortex.com.br\/index.php\/empreendedorismo\/","og_locale":"en_US","og_type":"article","og_title":"Empreendedorismo - DIGITAL CORTEX","og_url":"https:\/\/digitalcortex.com.br\/index.php\/empreendedorismo\/","og_site_name":"DIGITAL CORTEX","article_modified_time":"2025-05-19T22:24:47+00:00","og_image":[{"url":"http:\/\/digitalcortex.com.br\/wp-content\/uploads\/2025\/05\/startup-1024x1024.webp","type":"","width":"","height":""}],"twitter_card":"summary_large_image","twitter_misc":{"Est. reading time":"2 minutes"},"schema":{"@context":"https:\/\/schema.org","@graph":[{"@type":"WebPage","@id":"https:\/\/digitalcortex.com.br\/index.php\/empreendedorismo\/","url":"https:\/\/digitalcortex.com.br\/index.php\/empreendedorismo\/","name":"Empreendedorismo - DIGITAL CORTEX","isPartOf":{"@id":"https:\/\/digitalcortex.com.br\/#website"},"primaryImageOfPage":{"@id":"https:\/\/digitalcortex.com.br\/index.php\/empreendedorismo\/#primaryimage"},"image":{"@id":"https:\/\/digitalcortex.com.br\/index.php\/empreendedorismo\/#primaryimage"},"thumbnailUrl":"http:\/\/digitalcortex.com.br\/wp-content\/uploads\/2025\/05\/startup-1024x1024.webp","datePublished":"2025-04-18T23:29:17+00:00","dateModified":"2025-05-19T22:24:47+00:00","breadcrumb":{"@id":"https:\/\/digitalcortex.com.br\/index.php\/empreendedorismo\/#breadcrumb"},"inLanguage":"en-US","potentialAction":[{"@type":"ReadAction","target":["https:\/\/digitalcortex.com.br\/index.php\/empreendedorismo\/"]}]},{"@type":"ImageObject","inLanguage":"en-US","@id":"https:\/\/digitalcortex.com.br\/index.php\/empreendedorismo\/#primaryimage","url":"https:\/\/digitalcortex.com.br\/wp-content\/uploads\/2025\/05\/startup.webp","contentUrl":"https:\/\/digitalcortex.com.br\/wp-content\/uploads\/2025\/05\/startup.webp","width":1200,"height":1199},{"@type":"BreadcrumbList","@id":"https:\/\/digitalcortex.com.br\/index.php\/empreendedorismo\/#breadcrumb","itemListElement":[{"@type":"ListItem","position":1,"name":"Home","item":"https:\/\/digitalcortex.com.br\/"},{"@type":"ListItem","position":2,"name":"Empreendedorismo"}]},{"@type":"WebSite","@id":"https:\/\/digitalcortex.com.br\/#website","url":"https:\/\/digitalcortex.com.br\/","name":"DIGITAL CORTEX","description":"A SUA DOSE DI\u00c1RIA DE CONHECIMENTO","publisher":{"@id":"https:\/\/digitalcortex.com.br\/#organization"},"potentialAction":[{"@type":"SearchAction","target":{"@type":"EntryPoint","urlTemplate":"https:\/\/digitalcortex.com.br\/?s={search_term_string}"},"query-input":{"@type":"PropertyValueSpecification","valueRequired":true,"valueName":"search_term_string"}}],"inLanguage":"en-US"},{"@type":"Organization","@id":"https:\/\/digitalcortex.com.br\/#organization","name":"DIGITAL CORTEX","url":"https:\/\/digitalcortex.com.br\/","logo":{"@type":"ImageObject","inLanguage":"en-US","@id":"https:\/\/digitalcortex.com.br\/#\/schema\/logo\/image\/","url":"https:\/\/digitalcortex.com.br\/wp-content\/uploads\/2025\/04\/cropped-DIGITAL-CORTEX.png","contentUrl":"https:\/\/digitalcortex.com.br\/wp-content\/uploads\/2025\/04\/cropped-DIGITAL-CORTEX.png","width":800,"height":291,"caption":"DIGITAL CORTEX"},"image":{"@id":"https:\/\/digitalcortex.com.br\/#\/schema\/logo\/image\/"}}]}},"_links":{"self":[{"href":"https:\/\/digitalcortex.com.br\/index.php\/wp-json\/wp\/v2\/pages\/12","targetHints":{"allow":["GET"]}}],"collection":[{"href":"https:\/\/digitalcortex.com.br\/index.php\/wp-json\/wp\/v2\/pages"}],"about":[{"href":"https:\/\/digitalcortex.com.br\/index.php\/wp-json\/wp\/v2\/types\/page"}],"author":[{"embeddable":true,"href":"https:\/\/digitalcortex.com.br\/index.php\/wp-json\/wp\/v2\/users\/1"}],"replies":[{"embeddable":true,"href":"https:\/\/digitalcortex.com.br\/index.php\/wp-json\/wp\/v2\/comments?post=12"}],"version-history":[{"count":7,"href":"https:\/\/digitalcortex.com.br\/index.php\/wp-json\/wp\/v2\/pages\/12\/revisions"}],"predecessor-version":[{"id":300,"href":"https:\/\/digitalcortex.com.br\/index.php\/wp-json\/wp\/v2\/pages\/12\/revisions\/300"}],"wp:attachment":[{"href":"https:\/\/digitalcortex.com.br\/index.php\/wp-json\/wp\/v2\/media?parent=12"}],"curies":[{"name":"wp","href":"https:\/\/api.w.org\/{rel}","templated":true}]}}