{"id":14,"date":"2025-04-18T20:29:18","date_gmt":"2025-04-18T23:29:18","guid":{"rendered":"http:\/\/digitalcortex.com.br\/?page_id=14"},"modified":"2025-06-05T23:41:40","modified_gmt":"2025-06-06T02:41:40","slug":"entretenimento","status":"publish","type":"page","link":"https:\/\/digitalcortex.com.br\/index.php\/entretenimento\/","title":{"rendered":"Entretenimento"},"content":{"rendered":"\n<hr class=\"wp-block-separator has-alpha-channel-opacity is-style-wide\"\/>\n\n\n\n<div class=\"wp-block-media-text is-stacked-on-mobile\"><figure class=\"wp-block-media-text__media\"><img loading=\"lazy\" decoding=\"async\" width=\"1024\" height=\"576\" src=\"http:\/\/digitalcortex.com.br\/wp-content\/uploads\/2025\/06\/nintendo-1024x576.jpg\" alt=\"\" class=\"wp-image-327 size-full\" srcset=\"https:\/\/digitalcortex.com.br\/wp-content\/uploads\/2025\/06\/nintendo-1024x576.jpg 1024w, https:\/\/digitalcortex.com.br\/wp-content\/uploads\/2025\/06\/nintendo-300x169.jpg 300w, https:\/\/digitalcortex.com.br\/wp-content\/uploads\/2025\/06\/nintendo-768x432.jpg 768w, https:\/\/digitalcortex.com.br\/wp-content\/uploads\/2025\/06\/nintendo.jpg 1060w\" sizes=\"auto, (max-width: 1024px) 100vw, 1024px\" \/><\/figure><div class=\"wp-block-media-text__content\">\n<h2 class=\"wp-block-heading\">Nintendo Switch 2: A Nova Gera\u00e7\u00e3o do Console H\u00edbrido Chegou!!!<\/h2>\n\n\n\n<p>No dia 5 de junho de 2025, a Nintendo lan\u00e7ou oficialmente o t\u00e3o aguardado&nbsp;<strong>Nintendo Switch 2<\/strong>, marcando uma nova era para sua linha de consoles h\u00edbridos. Com gr\u00e1ficos aprimorados, novos recursos e um cat\u00e1logo de lan\u00e7amento robusto, o console chega com a miss\u00e3o de manter o legado de sucesso do Switch original \u2014 que vendeu mais de 152 milh\u00f5es de unidades no mundo todo.<\/p>\n\n\n\n<div class=\"wp-block-buttons is-content-justification-right is-layout-flex wp-container-core-buttons-is-layout-d445cf74 wp-block-buttons-is-layout-flex\">\n<div class=\"wp-block-button\"><a class=\"wp-block-button__link wp-element-button\" href=\"http:\/\/digitalcortex.com.br\/index.php\/2025\/06\/05\/nintendo-switch-2-a-nova-geracao-do-console-hibrido-chegou\/\">Leia Mais<\/a><\/div>\n<\/div>\n<\/div><\/div>\n\n\n\n<hr class=\"wp-block-separator has-alpha-channel-opacity is-style-wide\"\/>\n\n\n\n<div class=\"wp-block-media-text is-stacked-on-mobile\" style=\"grid-template-columns:35% auto\"><figure class=\"wp-block-media-text__media\"><img loading=\"lazy\" decoding=\"async\" width=\"1024\" height=\"576\" src=\"http:\/\/digitalcortex.com.br\/wp-content\/uploads\/2025\/06\/ea-sports-fc-25-e1725979411169.webp\" alt=\"\" class=\"wp-image-332 size-full\" srcset=\"https:\/\/digitalcortex.com.br\/wp-content\/uploads\/2025\/06\/ea-sports-fc-25-e1725979411169.webp 1024w, https:\/\/digitalcortex.com.br\/wp-content\/uploads\/2025\/06\/ea-sports-fc-25-e1725979411169-300x169.webp 300w, https:\/\/digitalcortex.com.br\/wp-content\/uploads\/2025\/06\/ea-sports-fc-25-e1725979411169-768x432.webp 768w\" sizes=\"auto, (max-width: 1024px) 100vw, 1024px\" \/><\/figure><div class=\"wp-block-media-text__content\">\n<h2 class=\"wp-block-heading\">EA Sports FC 25: O Que Deu Errado no Sucessor da Franquia FIFA?<\/h2>\n\n\n\n<p>\u00c9 muito ruim!!<\/p>\n\n\n\n<p>O t\u00e3o aguardado <strong>EA Sports FC 25<\/strong> chegou \u00e0s prateleiras com promessas de evolu\u00e7\u00e3o, nova gera\u00e7\u00e3o de jogabilidade e avan\u00e7os t\u00e9cnicos. No entanto, apenas algumas semanas ap\u00f3s o lan\u00e7amento, o que se viu foi uma chuva de cr\u00edticas vindas de jogadores, influenciadores e especialistas do mercado gamer. Muitos j\u00e1 apontam esta edi\u00e7\u00e3o como a <strong>pior da hist\u00f3ria da franquia FIFA\/FC<\/strong>.<\/p>\n\n\n\n<div class=\"wp-block-buttons is-content-justification-right is-layout-flex wp-container-core-buttons-is-layout-d445cf74 wp-block-buttons-is-layout-flex\">\n<div class=\"wp-block-button\"><a class=\"wp-block-button__link wp-element-button\" href=\"http:\/\/digitalcortex.com.br\/index.php\/2025\/06\/05\/ea-sports-fc-25-o-que-deu-errado-no-sucessor-da-franquia-fifa\/\">Leia mais<\/a><\/div>\n<\/div>\n<\/div><\/div>\n\n\n\n<hr class=\"wp-block-separator has-alpha-channel-opacity is-style-wide\"\/>\n\n\n\n<div class=\"wp-block-media-text is-stacked-on-mobile\" style=\"grid-template-columns:35% auto\"><figure class=\"wp-block-media-text__media\"><img loading=\"lazy\" decoding=\"async\" width=\"950\" height=\"593\" src=\"http:\/\/digitalcortex.com.br\/wp-content\/uploads\/2025\/04\/hugo-calderano-aspect-ratio-512-320-4.webp\" alt=\"\" class=\"wp-image-204 size-full\" srcset=\"https:\/\/digitalcortex.com.br\/wp-content\/uploads\/2025\/04\/hugo-calderano-aspect-ratio-512-320-4.webp 950w, https:\/\/digitalcortex.com.br\/wp-content\/uploads\/2025\/04\/hugo-calderano-aspect-ratio-512-320-4-300x187.webp 300w, https:\/\/digitalcortex.com.br\/wp-content\/uploads\/2025\/04\/hugo-calderano-aspect-ratio-512-320-4-768x479.webp 768w\" sizes=\"auto, (max-width: 950px) 100vw, 950px\" \/><\/figure><div class=\"wp-block-media-text__content\">\n<p><\/p>\n\n\n\n<h2 class=\"wp-block-heading\"><strong>Hugo Calderano Faz Hist\u00f3ria e se sagra Campe\u00e3o do Mundo de T\u00eanis de Mesa<\/strong>.<\/h2>\n\n\n\n<p>Neste domingo, 20 de abril de 2025, Hugo Calderano entrou para a hist\u00f3ria do esporte brasileiro ao conquistar a Copa do Mundo de T\u00eanis de Mesa, realizada em Macau, China. O brasileiro derrotou o chin\u00eas Lin Shidong, atual n\u00famero 1 do mundo, por 4 sets a 1, com parciais de 6\/11, 11\/7, 11\/9, 11\/4 e 11\/5. \u200b<\/p>\n\n\n\n<div class=\"wp-block-buttons is-content-justification-right is-layout-flex wp-container-core-buttons-is-layout-d445cf74 wp-block-buttons-is-layout-flex\">\n<div class=\"wp-block-button\"><a class=\"wp-block-button__link wp-element-button\" href=\"http:\/\/digitalcortex.com.br\/index.php\/2025\/04\/20\/hugo-calderano-se-sagra-campeao\/\">Leia mais<\/a><\/div>\n<\/div>\n<\/div><\/div>\n\n\n\n<hr class=\"wp-block-separator has-alpha-channel-opacity is-style-wide\"\/>\n\n\n\n<div class=\"wp-block-media-text is-stacked-on-mobile\" style=\"grid-template-columns:35% auto\"><figure class=\"wp-block-media-text__media\"><img loading=\"lazy\" decoding=\"async\" width=\"1024\" height=\"576\" src=\"http:\/\/digitalcortex.com.br\/wp-content\/uploads\/2025\/04\/minecraft-1024x576.webp\" alt=\"\" class=\"wp-image-102 size-full\" srcset=\"https:\/\/digitalcortex.com.br\/wp-content\/uploads\/2025\/04\/minecraft-1024x576.webp 1024w, https:\/\/digitalcortex.com.br\/wp-content\/uploads\/2025\/04\/minecraft-300x169.webp 300w, https:\/\/digitalcortex.com.br\/wp-content\/uploads\/2025\/04\/minecraft-768x432.webp 768w, https:\/\/digitalcortex.com.br\/wp-content\/uploads\/2025\/04\/minecraft-1536x864.webp 1536w, https:\/\/digitalcortex.com.br\/wp-content\/uploads\/2025\/04\/minecraft-2048x1152.webp 2048w\" sizes=\"auto, (max-width: 1024px) 100vw, 1024px\" \/><\/figure><div class=\"wp-block-media-text__content\">\n<h2 class=\"wp-block-heading\"><strong>Um Filme Minecraft \u2013 O Filme que Transformou Blocos em Bilheteria de Ouro<\/strong><\/h2>\n\n\n\n<p>Desde que foi lan\u00e7ado em 2009,&nbsp;<em>Minecraft<\/em>&nbsp;conquistou o mundo com sua est\u00e9tica pixelada e liberdade criativa. Agora, em 2025, o fen\u00f4meno dos blocos chegou \u00e0s telonas com&nbsp;<em>A Minecraft Movie<\/em>, uma adapta\u00e7\u00e3o que j\u00e1 se tornou um sucesso estrondoso de bilheteria e um marco na cultura pop.<\/p>\n\n\n\n<p><\/p>\n\n\n\n<div class=\"wp-block-buttons is-content-justification-right is-layout-flex wp-container-core-buttons-is-layout-d445cf74 wp-block-buttons-is-layout-flex\">\n<div class=\"wp-block-button\"><a class=\"wp-block-button__link wp-element-button\" href=\"http:\/\/digitalcortex.com.br\/index.php\/2025\/04\/18\/um-filme-minecraft\/\">Leia mais<\/a><\/div>\n<\/div>\n<\/div><\/div>\n\n\n\n<hr class=\"wp-block-separator has-alpha-channel-opacity is-style-wide\"\/>\n\n\n\n<div class=\"wp-block-media-text is-stacked-on-mobile\" style=\"grid-template-columns:35% auto\"><figure class=\"wp-block-media-text__media\"><img loading=\"lazy\" decoding=\"async\" width=\"1024\" height=\"576\" src=\"http:\/\/digitalcortex.com.br\/wp-content\/uploads\/2025\/04\/the-chosen-1024x576.webp\" alt=\"\" class=\"wp-image-101 size-full\" srcset=\"https:\/\/digitalcortex.com.br\/wp-content\/uploads\/2025\/04\/the-chosen-1024x576.webp 1024w, https:\/\/digitalcortex.com.br\/wp-content\/uploads\/2025\/04\/the-chosen-300x169.webp 300w, https:\/\/digitalcortex.com.br\/wp-content\/uploads\/2025\/04\/the-chosen-768x432.webp 768w, https:\/\/digitalcortex.com.br\/wp-content\/uploads\/2025\/04\/the-chosen-1536x864.webp 1536w, https:\/\/digitalcortex.com.br\/wp-content\/uploads\/2025\/04\/the-chosen.webp 1920w\" sizes=\"auto, (max-width: 1024px) 100vw, 1024px\" \/><\/figure><div class=\"wp-block-media-text__content\">\n<h2 class=\"wp-block-heading\"><strong>\u201cThe Chosen\u201d: A S\u00e9rie Crist\u00e3 que Quebrou Barreiras e Conquistou o Mundo<\/strong><\/h2>\n\n\n\n<p>Com mais de 770 milh\u00f5es de visualiza\u00e7\u00f5es, \u201cThe Chosen\u201d \u00e9 a s\u00e9rie crist\u00e3 mais assistida da hist\u00f3ria. Descubra os segredos por tr\u00e1s desse fen\u00f4meno global e saiba onde assistir.<\/p>\n\n\n\n<p><\/p>\n\n\n\n<div class=\"wp-block-buttons is-content-justification-right is-layout-flex wp-container-core-buttons-is-layout-d445cf74 wp-block-buttons-is-layout-flex\">\n<div class=\"wp-block-button\"><a class=\"wp-block-button__link wp-element-button\" href=\"http:\/\/digitalcortex.com.br\/index.php\/2025\/04\/18\/the-chosen-a-serie-crista-que-quebrou-barreiras-e-conquistou-o-mundo\/\">Leia mais<\/a><\/div>\n<\/div>\n<\/div><\/div>\n\n\n\n<hr class=\"wp-block-separator has-alpha-channel-opacity is-style-wide\"\/>\n\n\n\n<div class=\"wp-block-media-text is-stacked-on-mobile\" style=\"grid-template-columns:35% auto\"><figure class=\"wp-block-media-text__media\"><img loading=\"lazy\" decoding=\"async\" width=\"1024\" height=\"512\" src=\"http:\/\/digitalcortex.com.br\/wp-content\/uploads\/2025\/04\/the-mandalorian-season-3-pedro-pascal-grogu-baby-yoda-1024x512.avif\" alt=\"\" class=\"wp-image-99 size-full\" srcset=\"https:\/\/digitalcortex.com.br\/wp-content\/uploads\/2025\/04\/the-mandalorian-season-3-pedro-pascal-grogu-baby-yoda-1024x512.avif 1024w, https:\/\/digitalcortex.com.br\/wp-content\/uploads\/2025\/04\/the-mandalorian-season-3-pedro-pascal-grogu-baby-yoda-300x150.avif 300w, https:\/\/digitalcortex.com.br\/wp-content\/uploads\/2025\/04\/the-mandalorian-season-3-pedro-pascal-grogu-baby-yoda-768x384.avif 768w, https:\/\/digitalcortex.com.br\/wp-content\/uploads\/2025\/04\/the-mandalorian-season-3-pedro-pascal-grogu-baby-yoda.avif 1400w\" sizes=\"auto, (max-width: 1024px) 100vw, 1024px\" \/><\/figure><div class=\"wp-block-media-text__content\">\n<p><\/p>\n\n\n\n<p><\/p>\n\n\n\n<h2 class=\"wp-block-heading\"><strong>\u201cThe Mandalorian: O Legado da Gal\u00e1xia e a Promessa da Nova Temporada\u201d<\/strong><\/h2>\n\n\n\n<p>A jornada de&nbsp;<em>The Mandalorian<\/em>&nbsp;n\u00e3o come\u00e7ou apenas com a primeira temporada, mas com um desejo de expandir o rico universo de&nbsp;<em>Star Wars<\/em>&nbsp;al\u00e9m das linhas do cinema. Criada por Jon Favreau, a s\u00e9rie estreou em 2019 como um dos carros-chefes do lan\u00e7amento do Disney+ e desde ent\u00e3o conquistou f\u00e3s de todas as idades. <\/p>\n\n\n\n<div class=\"wp-block-buttons is-content-justification-right is-layout-flex wp-container-core-buttons-is-layout-d445cf74 wp-block-buttons-is-layout-flex\">\n<div class=\"wp-block-button\"><a class=\"wp-block-button__link wp-element-button\" href=\"http:\/\/digitalcortex.com.br\/index.php\/2025\/04\/18\/the-mandalorian-o-legado-da-galaxia-e-a-promessa-da-nova-temporada\/\">Leia mais<\/a><\/div>\n<\/div>\n\n\n\n<p><a href=\"http:\/\/www.digitacortex.com.br\/the-mandalorian-o-legado-da-galaxia-e-a-promessa-da-nova-temporada\/?customize_changeset_uuid=c92cb1f5-6a38-4e93-a468-29e1ebfed8ea&amp;customize_autosaved=on&amp;customize_messenger_channel=preview-2\"><\/a><\/p>\n<\/div><\/div>\n\n\n\n<hr class=\"wp-block-separator has-alpha-channel-opacity is-style-wide\"\/>\n\n\n\n<div class=\"wp-block-media-text is-stacked-on-mobile\" style=\"grid-template-columns:35% auto\"><figure class=\"wp-block-media-text__media\"><img loading=\"lazy\" decoding=\"async\" width=\"1024\" height=\"536\" src=\"http:\/\/digitalcortex.com.br\/wp-content\/uploads\/2025\/04\/shows-internacionais-brasil-2025-1024x536.jpg\" alt=\"\" class=\"wp-image-95 size-full\" srcset=\"https:\/\/digitalcortex.com.br\/wp-content\/uploads\/2025\/04\/shows-internacionais-brasil-2025-1024x536.jpg 1024w, https:\/\/digitalcortex.com.br\/wp-content\/uploads\/2025\/04\/shows-internacionais-brasil-2025-300x157.jpg 300w, https:\/\/digitalcortex.com.br\/wp-content\/uploads\/2025\/04\/shows-internacionais-brasil-2025-768x402.jpg 768w, https:\/\/digitalcortex.com.br\/wp-content\/uploads\/2025\/04\/shows-internacionais-brasil-2025-390x205.jpg 390w, https:\/\/digitalcortex.com.br\/wp-content\/uploads\/2025\/04\/shows-internacionais-brasil-2025.jpg 1500w\" sizes=\"auto, (max-width: 1024px) 100vw, 1024px\" \/><\/figure><div class=\"wp-block-media-text__content\">\n<h2 class=\"wp-block-heading\"><strong>\ud83c\udfa4 Principais Shows Internacionais de 2025<\/strong><\/h2>\n\n\n\n<p>Em 2025, o Brasil se tornar\u00e1 um dos principais destinos para grandes turn\u00eas internacionais, com uma agenda repleta de shows de artistas renomados. Confira os destaques e prepare-se para viver experi\u00eancias musicais inesquec\u00edveis:\u200b<\/p>\n\n\n\n<p><\/p>\n\n\n\n<div class=\"wp-block-buttons is-content-justification-right is-layout-flex wp-container-core-buttons-is-layout-d445cf74 wp-block-buttons-is-layout-flex\">\n<div class=\"wp-block-button\"><a class=\"wp-block-button__link wp-element-button\" href=\"http:\/\/digitalcortex.com.br\/index.php\/2025\/04\/18\/%f0%9f%8e%a4-principais-shows-internacionais-de-2025\/\">Leia mais<\/a><\/div>\n<\/div>\n\n\n\n<p><\/p>\n\n\n\n<hr class=\"wp-block-separator has-alpha-channel-opacity is-style-wide\"\/>\n<\/div><\/div>\n","protected":false},"excerpt":{"rendered":"<p>http:\/\/digitalcortex.com.br\/index.php\/2025\/04\/18\/%f0%9f%8e%a4-principais-shows-internacionais-de-2025\/<\/p>\n","protected":false},"author":1,"featured_media":0,"parent":0,"menu_order":0,"comment_status":"closed","ping_status":"closed","template":"","meta":{"colormag_page_layout":"default_layout","footnotes":""},"class_list":["post-14","page","type-page","status-publish","hentry"],"yoast_head":"<!-- This site is optimized with the Yoast SEO plugin v24.9 - https:\/\/yoast.com\/wordpress\/plugins\/seo\/ -->\n<title>Entretenimento - DIGITAL CORTEX<\/title>\n<meta name=\"description\" content=\"\ud83c\udfa4 Principais Shows Internacionais de 2025E, o Brasil se tornar\u00e1 um dos principais destinos para grandes turn\u00eas internacionais, com uma agenda repleta de shows de artistas renomados. Confira os destaques e prepare-se para viver experi\u00eancias musicais inesquec\u00edveis:\u200b\" \/>\n<meta name=\"robots\" content=\"index, follow, max-snippet:-1, max-image-preview:large, max-video-preview:-1\" \/>\n<link rel=\"canonical\" href=\"https:\/\/digitalcortex.com.br\/index.php\/entretenimento\/\" \/>\n<meta property=\"og:locale\" content=\"en_US\" \/>\n<meta property=\"og:type\" content=\"article\" \/>\n<meta property=\"og:title\" content=\"Entretenimento - DIGITAL CORTEX\" \/>\n<meta property=\"og:description\" content=\"\ud83c\udfa4 Principais Shows Internacionais de 2025E, o Brasil se tornar\u00e1 um dos principais destinos para grandes turn\u00eas internacionais, com uma agenda repleta de shows de artistas renomados. Confira os destaques e prepare-se para viver experi\u00eancias musicais inesquec\u00edveis:\u200b\" \/>\n<meta property=\"og:url\" content=\"https:\/\/digitalcortex.com.br\/index.php\/entretenimento\/\" \/>\n<meta property=\"og:site_name\" content=\"DIGITAL CORTEX\" \/>\n<meta property=\"article:modified_time\" content=\"2025-06-06T02:41:40+00:00\" \/>\n<meta property=\"og:image\" content=\"http:\/\/digitalcortex.com.br\/wp-content\/uploads\/2025\/06\/nintendo-1024x576.jpg\" \/>\n<meta name=\"twitter:card\" content=\"summary_large_image\" \/>\n<meta name=\"twitter:label1\" content=\"Est. reading time\" \/>\n\t<meta name=\"twitter:data1\" content=\"4 minutes\" \/>\n<script type=\"application\/ld+json\" class=\"yoast-schema-graph\">{\"@context\":\"https:\/\/schema.org\",\"@graph\":[{\"@type\":\"WebPage\",\"@id\":\"https:\/\/digitalcortex.com.br\/index.php\/entretenimento\/\",\"url\":\"https:\/\/digitalcortex.com.br\/index.php\/entretenimento\/\",\"name\":\"Entretenimento - DIGITAL CORTEX\",\"isPartOf\":{\"@id\":\"https:\/\/digitalcortex.com.br\/#website\"},\"primaryImageOfPage\":{\"@id\":\"https:\/\/digitalcortex.com.br\/index.php\/entretenimento\/#primaryimage\"},\"image\":{\"@id\":\"https:\/\/digitalcortex.com.br\/index.php\/entretenimento\/#primaryimage\"},\"thumbnailUrl\":\"http:\/\/digitalcortex.com.br\/wp-content\/uploads\/2025\/06\/nintendo-1024x576.jpg\",\"datePublished\":\"2025-04-18T23:29:18+00:00\",\"dateModified\":\"2025-06-06T02:41:40+00:00\",\"description\":\"\ud83c\udfa4 Principais Shows Internacionais de 2025E, o Brasil se tornar\u00e1 um dos principais destinos para grandes turn\u00eas internacionais, com uma agenda repleta de shows de artistas renomados. Confira os destaques e prepare-se para viver experi\u00eancias musicais inesquec\u00edveis:\u200b\",\"breadcrumb\":{\"@id\":\"https:\/\/digitalcortex.com.br\/index.php\/entretenimento\/#breadcrumb\"},\"inLanguage\":\"en-US\",\"potentialAction\":[{\"@type\":\"ReadAction\",\"target\":[\"https:\/\/digitalcortex.com.br\/index.php\/entretenimento\/\"]}]},{\"@type\":\"ImageObject\",\"inLanguage\":\"en-US\",\"@id\":\"https:\/\/digitalcortex.com.br\/index.php\/entretenimento\/#primaryimage\",\"url\":\"https:\/\/digitalcortex.com.br\/wp-content\/uploads\/2025\/06\/nintendo.jpg\",\"contentUrl\":\"https:\/\/digitalcortex.com.br\/wp-content\/uploads\/2025\/06\/nintendo.jpg\",\"width\":1060,\"height\":596},{\"@type\":\"BreadcrumbList\",\"@id\":\"https:\/\/digitalcortex.com.br\/index.php\/entretenimento\/#breadcrumb\",\"itemListElement\":[{\"@type\":\"ListItem\",\"position\":1,\"name\":\"Home\",\"item\":\"https:\/\/digitalcortex.com.br\/\"},{\"@type\":\"ListItem\",\"position\":2,\"name\":\"Entretenimento\"}]},{\"@type\":\"WebSite\",\"@id\":\"https:\/\/digitalcortex.com.br\/#website\",\"url\":\"https:\/\/digitalcortex.com.br\/\",\"name\":\"DIGITAL CORTEX\",\"description\":\"A SUA DOSE DI\u00c1RIA DE CONHECIMENTO\",\"publisher\":{\"@id\":\"https:\/\/digitalcortex.com.br\/#organization\"},\"potentialAction\":[{\"@type\":\"SearchAction\",\"target\":{\"@type\":\"EntryPoint\",\"urlTemplate\":\"https:\/\/digitalcortex.com.br\/?s={search_term_string}\"},\"query-input\":{\"@type\":\"PropertyValueSpecification\",\"valueRequired\":true,\"valueName\":\"search_term_string\"}}],\"inLanguage\":\"en-US\"},{\"@type\":\"Organization\",\"@id\":\"https:\/\/digitalcortex.com.br\/#organization\",\"name\":\"DIGITAL CORTEX\",\"url\":\"https:\/\/digitalcortex.com.br\/\",\"logo\":{\"@type\":\"ImageObject\",\"inLanguage\":\"en-US\",\"@id\":\"https:\/\/digitalcortex.com.br\/#\/schema\/logo\/image\/\",\"url\":\"https:\/\/digitalcortex.com.br\/wp-content\/uploads\/2025\/04\/cropped-DIGITAL-CORTEX.png\",\"contentUrl\":\"https:\/\/digitalcortex.com.br\/wp-content\/uploads\/2025\/04\/cropped-DIGITAL-CORTEX.png\",\"width\":800,\"height\":291,\"caption\":\"DIGITAL CORTEX\"},\"image\":{\"@id\":\"https:\/\/digitalcortex.com.br\/#\/schema\/logo\/image\/\"}}]}<\/script>\n<!-- \/ Yoast SEO plugin. -->","yoast_head_json":{"title":"Entretenimento - DIGITAL CORTEX","description":"\ud83c\udfa4 Principais Shows Internacionais de 2025E, o Brasil se tornar\u00e1 um dos principais destinos para grandes turn\u00eas internacionais, com uma agenda repleta de shows de artistas renomados. Confira os destaques e prepare-se para viver experi\u00eancias musicais inesquec\u00edveis:\u200b","robots":{"index":"index","follow":"follow","max-snippet":"max-snippet:-1","max-image-preview":"max-image-preview:large","max-video-preview":"max-video-preview:-1"},"canonical":"https:\/\/digitalcortex.com.br\/index.php\/entretenimento\/","og_locale":"en_US","og_type":"article","og_title":"Entretenimento - DIGITAL CORTEX","og_description":"\ud83c\udfa4 Principais Shows Internacionais de 2025E, o Brasil se tornar\u00e1 um dos principais destinos para grandes turn\u00eas internacionais, com uma agenda repleta de shows de artistas renomados. Confira os destaques e prepare-se para viver experi\u00eancias musicais inesquec\u00edveis:\u200b","og_url":"https:\/\/digitalcortex.com.br\/index.php\/entretenimento\/","og_site_name":"DIGITAL CORTEX","article_modified_time":"2025-06-06T02:41:40+00:00","og_image":[{"url":"http:\/\/digitalcortex.com.br\/wp-content\/uploads\/2025\/06\/nintendo-1024x576.jpg","type":"","width":"","height":""}],"twitter_card":"summary_large_image","twitter_misc":{"Est. reading time":"4 minutes"},"schema":{"@context":"https:\/\/schema.org","@graph":[{"@type":"WebPage","@id":"https:\/\/digitalcortex.com.br\/index.php\/entretenimento\/","url":"https:\/\/digitalcortex.com.br\/index.php\/entretenimento\/","name":"Entretenimento - DIGITAL CORTEX","isPartOf":{"@id":"https:\/\/digitalcortex.com.br\/#website"},"primaryImageOfPage":{"@id":"https:\/\/digitalcortex.com.br\/index.php\/entretenimento\/#primaryimage"},"image":{"@id":"https:\/\/digitalcortex.com.br\/index.php\/entretenimento\/#primaryimage"},"thumbnailUrl":"http:\/\/digitalcortex.com.br\/wp-content\/uploads\/2025\/06\/nintendo-1024x576.jpg","datePublished":"2025-04-18T23:29:18+00:00","dateModified":"2025-06-06T02:41:40+00:00","description":"\ud83c\udfa4 Principais Shows Internacionais de 2025E, o Brasil se tornar\u00e1 um dos principais destinos para grandes turn\u00eas internacionais, com uma agenda repleta de shows de artistas renomados. Confira os destaques e prepare-se para viver experi\u00eancias musicais inesquec\u00edveis:\u200b","breadcrumb":{"@id":"https:\/\/digitalcortex.com.br\/index.php\/entretenimento\/#breadcrumb"},"inLanguage":"en-US","potentialAction":[{"@type":"ReadAction","target":["https:\/\/digitalcortex.com.br\/index.php\/entretenimento\/"]}]},{"@type":"ImageObject","inLanguage":"en-US","@id":"https:\/\/digitalcortex.com.br\/index.php\/entretenimento\/#primaryimage","url":"https:\/\/digitalcortex.com.br\/wp-content\/uploads\/2025\/06\/nintendo.jpg","contentUrl":"https:\/\/digitalcortex.com.br\/wp-content\/uploads\/2025\/06\/nintendo.jpg","width":1060,"height":596},{"@type":"BreadcrumbList","@id":"https:\/\/digitalcortex.com.br\/index.php\/entretenimento\/#breadcrumb","itemListElement":[{"@type":"ListItem","position":1,"name":"Home","item":"https:\/\/digitalcortex.com.br\/"},{"@type":"ListItem","position":2,"name":"Entretenimento"}]},{"@type":"WebSite","@id":"https:\/\/digitalcortex.com.br\/#website","url":"https:\/\/digitalcortex.com.br\/","name":"DIGITAL CORTEX","description":"A SUA DOSE DI\u00c1RIA DE CONHECIMENTO","publisher":{"@id":"https:\/\/digitalcortex.com.br\/#organization"},"potentialAction":[{"@type":"SearchAction","target":{"@type":"EntryPoint","urlTemplate":"https:\/\/digitalcortex.com.br\/?s={search_term_string}"},"query-input":{"@type":"PropertyValueSpecification","valueRequired":true,"valueName":"search_term_string"}}],"inLanguage":"en-US"},{"@type":"Organization","@id":"https:\/\/digitalcortex.com.br\/#organization","name":"DIGITAL CORTEX","url":"https:\/\/digitalcortex.com.br\/","logo":{"@type":"ImageObject","inLanguage":"en-US","@id":"https:\/\/digitalcortex.com.br\/#\/schema\/logo\/image\/","url":"https:\/\/digitalcortex.com.br\/wp-content\/uploads\/2025\/04\/cropped-DIGITAL-CORTEX.png","contentUrl":"https:\/\/digitalcortex.com.br\/wp-content\/uploads\/2025\/04\/cropped-DIGITAL-CORTEX.png","width":800,"height":291,"caption":"DIGITAL CORTEX"},"image":{"@id":"https:\/\/digitalcortex.com.br\/#\/schema\/logo\/image\/"}}]}},"_links":{"self":[{"href":"https:\/\/digitalcortex.com.br\/index.php\/wp-json\/wp\/v2\/pages\/14","targetHints":{"allow":["GET"]}}],"collection":[{"href":"https:\/\/digitalcortex.com.br\/index.php\/wp-json\/wp\/v2\/pages"}],"about":[{"href":"https:\/\/digitalcortex.com.br\/index.php\/wp-json\/wp\/v2\/types\/page"}],"author":[{"embeddable":true,"href":"https:\/\/digitalcortex.com.br\/index.php\/wp-json\/wp\/v2\/users\/1"}],"replies":[{"embeddable":true,"href":"https:\/\/digitalcortex.com.br\/index.php\/wp-json\/wp\/v2\/comments?post=14"}],"version-history":[{"count":11,"href":"https:\/\/digitalcortex.com.br\/index.php\/wp-json\/wp\/v2\/pages\/14\/revisions"}],"predecessor-version":[{"id":335,"href":"https:\/\/digitalcortex.com.br\/index.php\/wp-json\/wp\/v2\/pages\/14\/revisions\/335"}],"wp:attachment":[{"href":"https:\/\/digitalcortex.com.br\/index.php\/wp-json\/wp\/v2\/media?parent=14"}],"curies":[{"name":"wp","href":"https:\/\/api.w.org\/{rel}","templated":true}]}}